{"id":4,"date":"2023-07-23T13:33:08","date_gmt":"2023-07-23T11:33:08","guid":{"rendered":"http:\/\/keywordexplorers.com\/?page_id=4"},"modified":"2023-07-23T14:01:24","modified_gmt":"2023-07-23T12:01:24","slug":"home","status":"publish","type":"page","link":"https:\/\/keywordexplorers.com\/","title":{"rendered":"Szko\u0142a Jogi A\u0142\u0142y Raginis"},"content":{"rendered":"<section class=\"hts-section hts-hero\">\n    <div class=\"hts-hero-spacer\"><\/div>\n    <div class=\"hts-hero-content\">\n        <div class=\"hts-hero-image\">\n            <img decoding=\"async\" src=\"https:\/\/keywordexplorers.com\/wp-content\/uploads\/2023\/07\/ec62751baf67416e2d9fa6250803425984bc02a8.jpeg\" alt=\"background\" \/>\n        <\/div>\n        <div class=\"hts-hero-block\">\n            <div class=\"hts-hero-body\">\n                <div class=\"hts-hero-details\">\n                    <div>\n                        <h1>Szko\u0142a Jogi A\u0142\u0142y Raginis<\/h1>\n                        <p>A\u0142\u0142a Raginis od 8 lat prowadzi w\u0142asn\u0105 szko\u0142\u0119 jogi w Szczecinie. W ofercie znajdziecie nie tylko regularne <strong>zaj\u0119cia w siedzibie<\/strong>, ale tak\u017ce <strong>warsztaty wyjazdowe<\/strong>, spotkania na \u0142onie natury oraz zaj\u0119cia online. A\u0142\u0142a praktykuje jog\u0119 od ponad 20 lat i jest jedn\u0105 z nielicznych w Polsce <strong>certyfikowanych nauczycielek jogi<\/strong> w metodzie Iyengara.<br><br>Zapraszamy do siedziby przy ul. <strong>Monte Cassino 18A, 70-467 Szczecin<\/strong>. Odkryj pot\u0119g\u0119 jogi i do\u0142\u0105cz do naszej spo\u0142eczno\u015bci.<\/p>\n                        <a href=\"https:\/\/keywordexplorers.com\/?page_id=10\" class=\"btn primary\" >Poznaj ofert\u0119<\/a>\n                    <\/div>\n                    <div class=\"hts-hero-body-image\">\n                        <img decoding=\"async\" src=\"https:\/\/keywordexplorers.com\/wp-content\/uploads\/2023\/07\/ec62751baf67416e2d9fa6250803425984bc02a8.jpeg\" alt=\"background\" \/>\n                    <\/div>\n                    <div class=\"hts-hero-footer\">\n                        <div class=\"hts-social\">\n                                                                                                                                        <\/div>\n                        <p class=\"hts-title\">Tekst subtitle<\/p>\n                    <\/div>\n                <\/div>\n            <\/div>\n        <\/div>\n    <\/div>\n<\/section>\n\n<section class=\"hts-section hts-no-border hts-posts hts-featured-post-wrapper\">\n    <div>\n                <div class=\"hts-posts-header\">\n            <h2 class=\"hts-title\">Featured post<\/h2>\n        <\/div>\n                <div class=\"hts-featured-post\">\n            <!-- Post -->\n            <div class=\"hts-post\">\n                <div class=\"hts-image-wrapper\">\n                                        <a href=\"https:\/\/keywordexplorers.com\/?p=1\" class=\"hts-featured-post-link\">\n                        <img decoding=\"async\" src=\"https:\/\/keywordexplorers.com\/wp-content\/themes\/hostinger-blog\/build\/images\/placeholder.jpg\"\n                            alt=\"featured\">\n                    <\/a>\n                                                        <\/div>\n                <div class=\"hts-post-details\">\n                    <div class=\"hts-posts-body-header\">\n                        <h2 class=\"hts-title\">Featured post<\/h2>\n                    <\/div>\n                    <div class=\"hts-capsules\">\n                                                                                                                        <a href=\"https:\/\/keywordexplorers.com\/?cat=1\">\n                            <div>Blog<\/div>\n                        <\/a>\n                                                                                            <\/div>\n                                        <a href=\"https:\/\/keywordexplorers.com\/?p=1\">\n                        <h3 class=\"hts-title\">Witaj, \u015bwiecie!<\/h3>\n                    <\/a>\n                                                            <p class=\"small\">July 23, 2023 | by keywordexplorers.com<\/p>\n                                    <\/div>\n            <\/div>\n        <\/div>\n    <\/div>\n<\/section>\n\n<section class=\"hts-section hts-posts\">\n    <hr class=\"full\">\n    <div>\n        <div class=\"hts-posts-header\">\n            <h2 class=\"hts-title\">Latest posts<\/h2>\n            <a href=\"https:\/\/keywordexplorers.com\/?page_id=7\" class=\"hts-posts-action\">\n                <p>View all<\/p>\n                <img decoding=\"async\" src=\"https:\/\/keywordexplorers.com\/wp-content\/themes\/hostinger-blog\/build\/images\/icon-arrow-right.svg\" alt=\"view all\">\n            <\/a>\n        <\/div>\n        <div class=\"hts-posts-list\">\n                        <div class=\"hts-post hts-large\">\n                                <div class=\"hts-image-wrapper\">\n                                        <a href=\"https:\/\/keywordexplorers.com\/?p=1\" class=\"hts-featured-post-link\">\n                        <img decoding=\"async\" src=\"https:\/\/keywordexplorers.com\/wp-content\/themes\/hostinger-blog\/build\/images\/placeholder2.jpg\"\n                            alt=\"featured\">\n                    <\/a>\n                                                        <\/div>\n                <div class=\"hts-post-details\">\n                    <div class=\"hts-capsules\">\n                                                                                                                        <a href=\"https:\/\/keywordexplorers.com\/?cat=1\">\n                            <div>Blog<\/div>\n                        <\/a>\n                                                                                            <\/div>\n                    <a href=\"https:\/\/keywordexplorers.com\/?p=1\">\n                        <h3 class=\"hts-title\">Witaj, \u015bwiecie!<\/h3>\n                    <\/a>\n                                        <p class=\"small\">July 23, 2023 | by keywordexplorers.com<\/p>\n                                    <\/div>\n            <\/div>\n                    <\/div>\n    <\/div>\n<\/section>\n\n<section class=\"hts-section hts-newsletter\">\n\t<hr class=\"full\">\n\t<div class=\"wrapper\">\n\t<div>\n\t\t<h3 class=\"hts-title\">Newsletter<\/h3>\n\t\t<p>Subscribe to stay up-to-date with my latest creative projects, insights, and tips.<\/p>\n\t<\/div>\n\t<div class=\"hts-newsletter-block\">\n\t\t<form>\n\t\t\t<input type=\"hidden\" id=\"newsletter_nonce\" name=\"newsletter_nonce\" value=\"6755ef0ec9\" \/><input type=\"hidden\" name=\"_wp_http_referer\" value=\"\/index.php?rest_route=%2Fwp%2Fv2%2Fpages%2F4\" \/>\t\t\t<label for=\"hts-newsletter-email\">Email<\/label>\n\t\t\t<input type=\"email\"\n\t\t\t       id=\"hts-newsletter-email\"\n\t\t\t       name=\"newsletter_email\"\n\t\t\t       placeholder=\"What\u2019s your email?\">\n\t\t\t<div class=\"validate-message\"><\/div>\n\t\t\t<div class=\"hts-privacy-agree\">\n\t\t\t\t<label class=\"hts-form-control\">\n\t\t\t\t<input type=\"checkbox\" id=\"privacy-policy-checkbox\" name=\"privacy_policy\" required>\n\t\t\t\t<\/label>\n\t\t\t\t<span>\n\t\t\t\t\tI consent to use of my email address for the purpose of receiving newsletters as described in <a href=\"\" target=\"_blank\">Privacy Policy<\/a>, which I have read. I may withdraw my consent at any time.\t\t\t\t<\/span>\n\t\t\t<\/div>\n\t\t\t<input type=\"submit\" class=\"btn primary\" value=\"Subscribe\"\/>\n\t\t<\/form>\n\t<\/div>\n\t<\/div>\n<\/section>","protected":false},"excerpt":{"rendered":"","protected":false},"author":1,"featured_media":0,"parent":0,"menu_order":0,"comment_status":"closed","ping_status":"closed","template":"","meta":[],"_links":{"self":[{"href":"https:\/\/keywordexplorers.com\/index.php?rest_route=\/wp\/v2\/pages\/4"}],"collection":[{"href":"https:\/\/keywordexplorers.com\/index.php?rest_route=\/wp\/v2\/pages"}],"about":[{"href":"https:\/\/keywordexplorers.com\/index.php?rest_route=\/wp\/v2\/types\/page"}],"author":[{"embeddable":true,"href":"https:\/\/keywordexplorers.com\/index.php?rest_route=\/wp\/v2\/users\/1"}],"replies":[{"embeddable":true,"href":"https:\/\/keywordexplorers.com\/index.php?rest_route=%2Fwp%2Fv2%2Fcomments&post=4"}],"version-history":[{"count":3,"href":"https:\/\/keywordexplorers.com\/index.php?rest_route=\/wp\/v2\/pages\/4\/revisions"}],"predecessor-version":[{"id":28,"href":"https:\/\/keywordexplorers.com\/index.php?rest_route=\/wp\/v2\/pages\/4\/revisions\/28"}],"wp:attachment":[{"href":"https:\/\/keywordexplorers.com\/index.php?rest_route=%2Fwp%2Fv2%2Fmedia&parent=4"}],"curies":[{"name":"wp","href":"https:\/\/api.w.org\/{rel}","templated":true}]}}